{"id":73032,"date":"2026-04-14T16:12:53","date_gmt":"2026-04-14T14:12:53","guid":{"rendered":"https:\/\/www.waterskis.lv\/product\/aluminija-airi-ar-plastmasas-lapstinu-standard-2-gab-255-cm\/"},"modified":"2026-04-14T16:16:25","modified_gmt":"2026-04-14T14:16:25","slug":"%d0%b0%d0%bb%d1%8e%d0%bc%d0%b8%d0%bd%d0%b8%d0%b5%d0%b2%d1%8b%d0%b5-%d0%b2%d0%b5%d1%81%d0%bb%d0%b0-%d1%81-%d0%bf%d0%bb%d0%b0%d1%81%d1%82%d0%b8%d0%ba%d0%be%d0%b2%d1%8b%d0%bc%d0%b8-%d0%bb%d0%be%d0%bf-5","status":"publish","type":"product","link":"https:\/\/www.waterskis.lv\/ru\/product\/%d0%b0%d0%bb%d1%8e%d0%bc%d0%b8%d0%bd%d0%b8%d0%b5%d0%b2%d1%8b%d0%b5-%d0%b2%d0%b5%d1%81%d0%bb%d0%b0-%d1%81-%d0%bf%d0%bb%d0%b0%d1%81%d1%82%d0%b8%d0%ba%d0%be%d0%b2%d1%8b%d0%bc%d0%b8-%d0%bb%d0%be%d0%bf-5\/","title":{"rendered":"\u0410\u043b\u044e\u043c\u0438\u043d\u0438\u0435\u0432\u044b\u0435 \u0432\u0435\u0441\u043b\u0430 \u0441 \u043f\u043b\u0430\u0441\u0442\u0438\u043a\u043e\u0432\u044b\u043c\u0438 \u043b\u043e\u043f\u0430\u0442\u043a\u0430\u043c\u0438\u00a0 STANDARD 2 \u0448\u0442.\u00a0 255 \u0441\u043c"},"content":{"rendered":"<h1>\u0410\u043b\u044e\u043c\u0438\u043d\u0438\u0435\u0432\u044b\u0435 \u0432\u0435\u0441\u043b\u0430 \u0441 \u043f\u043b\u0430\u0441\u0442\u0438\u043a\u043e\u0432\u044b\u043c\u0438 \u043b\u043e\u043f\u0430\u0442\u043a\u0430\u043c\u0438\u00a0 STANDARD 2 \u0448\u0442.\u00a0 255 \u0441\u043c<\/h1>\n<p>\u0410\u043b\u044e\u043c\u0438\u043d\u0438\u0435\u0432\u044b\u0435 \u0432\u0435\u0441\u043b\u0430 \u0441 \u043f\u043b\u0430\u0441\u0442\u0438\u043a\u043e\u0432\u044b\u043c\u0438 \u043b\u043e\u043f\u0430\u0442\u043a\u0430\u043c\u0438\u00a0 STANDARD 2 \u0448\u0442.\u00a0 255 \u0441\u043c<\/p>\n<p>\u0414\u043b\u0438\u043d\u0430:\u00a0 255 \u0441\u043c<\/p>\n<p>\u0414\u0438\u0430\u043c\u0435\u0442\u0440: 4 \u0441\u043c<\/p>\n<p>\u0412\u0435\u0441: 1,8 \u043a\u0433<\/p>\n<p>\u0420\u0430\u0437\u043c\u0435\u0440 \u043b\u043e\u043f\u0430\u0442\u043a\u0438: 62 x 14 \u0441\u043c<\/p>\n","protected":false},"excerpt":{"rendered":"<p>\u0410\u043b\u044e\u043c\u0438\u043d\u0438\u0435\u0432\u044b\u0435 \u0432\u0435\u0441\u043b\u0430 \u0441 \u043f\u043b\u0430\u0441\u0442\u0438\u043a\u043e\u0432\u044b\u043c\u0438 \u043b\u043e\u043f\u0430\u0442\u043a\u0430\u043c\u0438\u00a0 STANDARD 2 \u0448\u0442.\u00a0 255 \u0441\u043c \u0410\u043b\u044e\u043c\u0438\u043d\u0438\u0435\u0432\u044b\u0435 \u0432\u0435\u0441\u043b\u0430 \u0441 \u043f\u043b\u0430\u0441\u0442\u0438\u043a\u043e\u0432\u044b\u043c\u0438 \u043b\u043e\u043f\u0430\u0442\u043a\u0430\u043c\u0438\u00a0 STANDARD 2 \u0448\u0442.\u00a0 255 \u0441\u043c \u0414\u043b\u0438\u043d\u0430:\u00a0 255 \u0441\u043c \u0414\u0438\u0430\u043c\u0435\u0442\u0440: 4 \u0441\u043c \u0412\u0435\u0441: 1,8 \u043a\u0433 \u0420\u0430\u0437\u043c\u0435\u0440 \u043b\u043e\u043f\u0430\u0442\u043a\u0438: 62 x 14 \u0441\u043c [&#8230;]<\/p>\n<p><a class=\"btn btn-secondary understrap-read-more-link\" href=\"https:\/\/www.waterskis.lv\/ru\/product\/%d0%b0%d0%bb%d1%8e%d0%bc%d0%b8%d0%bd%d0%b8%d0%b5%d0%b2%d1%8b%d0%b5-%d0%b2%d0%b5%d1%81%d0%bb%d0%b0-%d1%81-%d0%bf%d0%bb%d0%b0%d1%81%d1%82%d0%b8%d0%ba%d0%be%d0%b2%d1%8b%d0%bc%d0%b8-%d0%bb%d0%be%d0%bf-5\/\">\u0427\u0438\u0442\u0430\u0442\u044c \u0434\u0430\u043b\u044c\u0448\u0435\u2026<\/a><\/p>\n","protected":false},"featured_media":73010,"comment_status":"closed","ping_status":"closed","template":"","meta":{"_acf_changed":false,"inline_featured_image":false},"product_brand":[],"product_cat":[798,802],"product_tag":[3527,4052,4041,4042,4043,4045,4046,4047,4048,3516,4049],"class_list":{"0":"post-73032","1":"product","2":"type-product","3":"status-publish","4":"has-post-thumbnail","6":"product_cat-b","7":"product_cat-802","8":"product_tag-airi-ar-plastmasas-lapstinu","9":"product_tag-airi-un-dulli","10":"product_tag-airu-laivu-airi-tags-airi","11":"product_tag-aluminija-airi","12":"product_tag-aluminum-oars","13":"product_tag-oars","14":"product_tag-oars-with-plastic-blades","15":"product_tag-paddles","16":"product_tag-4048","17":"product_tag-3516","18":"product_tag-4049","20":"first","21":"instock","22":"shipping-taxable","23":"purchasable","24":"product-type-simple"},"acf":[],"yoast_head":"<!-- This site is optimized with the Yoast SEO plugin v27.4 - https:\/\/yoast.com\/product\/yoast-seo-wordpress\/ -->\n<title>\u0410\u043b\u044e\u043c\u0438\u043d\u0438\u0435\u0432\u044b\u0435 \u0432\u0435\u0441\u043b\u0430 \u0441 \u043f\u043b\u0430\u0441\u0442\u0438\u043a\u043e\u0432\u044b\u043c\u0438 \u043b\u043e\u043f\u0430\u0442\u043a\u0430\u043c\u0438\u00a0 STANDARD 2 \u0448\u0442.\u00a0 255 \u0441\u043c - WATERSKIS.LV<\/title>\n<meta name=\"description\" content=\"\u0410\u043b\u044e\u043c\u0438\u043d\u0438\u0435\u0432\u044b\u0435 \u0432\u0435\u0441\u043b\u0430 \u0441 \u043f\u043b\u0430\u0441\u0442\u0438\u043a\u043e\u0432\u044b\u043c\u0438 \u043b\u043e\u043f\u0430\u0442\u043a\u0430\u043c\u0438 STANDARD 2 \u0448\u0442. 255 \u0441\u043c \u0414\u043b\u0438\u043d\u0430: 255 \u0441\u043c \u0414\u0438\u0430\u043c\u0435\u0442\u0440: 4 \u0441\u043c \u0412\u0435\u0441: 1,8 \u043a\u0433 \u0420\u0430\u0437\u043c\u0435\u0440 \u043b\u043e\u043f\u0430\u0442\u043a\u0438: 62 x 14 \u0441\u043c\" \/>\n<meta name=\"robots\" content=\"index, follow, max-snippet:-1, max-image-preview:large, max-video-preview:-1\" \/>\n<link rel=\"canonical\" href=\"https:\/\/www.waterskis.lv\/ru\/product\/%d0%b0%d0%bb%d1%8e%d0%bc%d0%b8%d0%bd%d0%b8%d0%b5%d0%b2%d1%8b%d0%b5-%d0%b2%d0%b5%d1%81%d0%bb%d0%b0-%d1%81-%d0%bf%d0%bb%d0%b0%d1%81%d1%82%d0%b8%d0%ba%d0%be%d0%b2%d1%8b%d0%bc%d0%b8-%d0%bb%d0%be%d0%bf-5\/\" \/>\n<meta property=\"og:locale\" content=\"ru_RU\" \/>\n<meta property=\"og:type\" content=\"article\" \/>\n<meta property=\"og:title\" content=\"\u0410\u043b\u044e\u043c\u0438\u043d\u0438\u0435\u0432\u044b\u0435 \u0432\u0435\u0441\u043b\u0430 \u0441 \u043f\u043b\u0430\u0441\u0442\u0438\u043a\u043e\u0432\u044b\u043c\u0438 \u043b\u043e\u043f\u0430\u0442\u043a\u0430\u043c\u0438\u00a0 STANDARD 2 \u0448\u0442.\u00a0 255 \u0441\u043c - WATERSKIS.LV\" \/>\n<meta property=\"og:description\" content=\"\u0410\u043b\u044e\u043c\u0438\u043d\u0438\u0435\u0432\u044b\u0435 \u0432\u0435\u0441\u043b\u0430 \u0441 \u043f\u043b\u0430\u0441\u0442\u0438\u043a\u043e\u0432\u044b\u043c\u0438 \u043b\u043e\u043f\u0430\u0442\u043a\u0430\u043c\u0438 STANDARD 2 \u0448\u0442. 255 \u0441\u043c \u0414\u043b\u0438\u043d\u0430: 255 \u0441\u043c \u0414\u0438\u0430\u043c\u0435\u0442\u0440: 4 \u0441\u043c \u0412\u0435\u0441: 1,8 \u043a\u0433 \u0420\u0430\u0437\u043c\u0435\u0440 \u043b\u043e\u043f\u0430\u0442\u043a\u0438: 62 x 14 \u0441\u043c\" \/>\n<meta property=\"og:url\" content=\"https:\/\/www.waterskis.lv\/ru\/product\/%d0%b0%d0%bb%d1%8e%d0%bc%d0%b8%d0%bd%d0%b8%d0%b5%d0%b2%d1%8b%d0%b5-%d0%b2%d0%b5%d1%81%d0%bb%d0%b0-%d1%81-%d0%bf%d0%bb%d0%b0%d1%81%d1%82%d0%b8%d0%ba%d0%be%d0%b2%d1%8b%d0%bc%d0%b8-%d0%bb%d0%be%d0%bf-5\/\" \/>\n<meta property=\"og:site_name\" content=\"WATERSKIS.LV\" \/>\n<meta property=\"article:publisher\" content=\"https:\/\/www.facebook.com\/jurmalawaterskiwakeboardpark\/\" \/>\n<meta property=\"article:modified_time\" content=\"2026-04-14T14:16:25+00:00\" \/>\n<meta property=\"og:image\" content=\"https:\/\/www.waterskis.lv\/wp-content\/uploads\/2026\/04\/20260330_132421-scaled.jpg\" \/>\n\t<meta property=\"og:image:width\" content=\"1441\" \/>\n\t<meta property=\"og:image:height\" content=\"2560\" \/>\n\t<meta property=\"og:image:type\" content=\"image\/jpeg\" \/>\n<meta name=\"twitter:card\" content=\"summary_large_image\" \/>\n<meta name=\"twitter:label1\" content=\"\u041f\u0440\u0438\u043c\u0435\u0440\u043d\u043e\u0435 \u0432\u0440\u0435\u043c\u044f \u0434\u043b\u044f \u0447\u0442\u0435\u043d\u0438\u044f\" \/>\n\t<meta name=\"twitter:data1\" content=\"1 \u043c\u0438\u043d\u0443\u0442\u0430\" \/>\n<script type=\"application\/ld+json\" class=\"yoast-schema-graph\">{\"@context\":\"https:\\\/\\\/schema.org\",\"@graph\":[{\"@type\":\"WebPage\",\"@id\":\"https:\\\/\\\/www.waterskis.lv\\\/ru\\\/product\\\/%d0%b0%d0%bb%d1%8e%d0%bc%d0%b8%d0%bd%d0%b8%d0%b5%d0%b2%d1%8b%d0%b5-%d0%b2%d0%b5%d1%81%d0%bb%d0%b0-%d1%81-%d0%bf%d0%bb%d0%b0%d1%81%d1%82%d0%b8%d0%ba%d0%be%d0%b2%d1%8b%d0%bc%d0%b8-%d0%bb%d0%be%d0%bf-5\\\/\",\"url\":\"https:\\\/\\\/www.waterskis.lv\\\/ru\\\/product\\\/%d0%b0%d0%bb%d1%8e%d0%bc%d0%b8%d0%bd%d0%b8%d0%b5%d0%b2%d1%8b%d0%b5-%d0%b2%d0%b5%d1%81%d0%bb%d0%b0-%d1%81-%d0%bf%d0%bb%d0%b0%d1%81%d1%82%d0%b8%d0%ba%d0%be%d0%b2%d1%8b%d0%bc%d0%b8-%d0%bb%d0%be%d0%bf-5\\\/\",\"name\":\"\u0410\u043b\u044e\u043c\u0438\u043d\u0438\u0435\u0432\u044b\u0435 \u0432\u0435\u0441\u043b\u0430 \u0441 \u043f\u043b\u0430\u0441\u0442\u0438\u043a\u043e\u0432\u044b\u043c\u0438 \u043b\u043e\u043f\u0430\u0442\u043a\u0430\u043c\u0438\u00a0 STANDARD 2 \u0448\u0442.\u00a0 255 \u0441\u043c - WATERSKIS.LV\",\"isPartOf\":{\"@id\":\"https:\\\/\\\/www.waterskis.lv\\\/ru\\\/#website\"},\"primaryImageOfPage\":{\"@id\":\"https:\\\/\\\/www.waterskis.lv\\\/ru\\\/product\\\/%d0%b0%d0%bb%d1%8e%d0%bc%d0%b8%d0%bd%d0%b8%d0%b5%d0%b2%d1%8b%d0%b5-%d0%b2%d0%b5%d1%81%d0%bb%d0%b0-%d1%81-%d0%bf%d0%bb%d0%b0%d1%81%d1%82%d0%b8%d0%ba%d0%be%d0%b2%d1%8b%d0%bc%d0%b8-%d0%bb%d0%be%d0%bf-5\\\/#primaryimage\"},\"image\":{\"@id\":\"https:\\\/\\\/www.waterskis.lv\\\/ru\\\/product\\\/%d0%b0%d0%bb%d1%8e%d0%bc%d0%b8%d0%bd%d0%b8%d0%b5%d0%b2%d1%8b%d0%b5-%d0%b2%d0%b5%d1%81%d0%bb%d0%b0-%d1%81-%d0%bf%d0%bb%d0%b0%d1%81%d1%82%d0%b8%d0%ba%d0%be%d0%b2%d1%8b%d0%bc%d0%b8-%d0%bb%d0%be%d0%bf-5\\\/#primaryimage\"},\"thumbnailUrl\":\"https:\\\/\\\/www.waterskis.lv\\\/wp-content\\\/uploads\\\/2026\\\/04\\\/20260330_132421-scaled.jpg\",\"datePublished\":\"2026-04-14T14:12:53+00:00\",\"dateModified\":\"2026-04-14T14:16:25+00:00\",\"description\":\"\u0410\u043b\u044e\u043c\u0438\u043d\u0438\u0435\u0432\u044b\u0435 \u0432\u0435\u0441\u043b\u0430 \u0441 \u043f\u043b\u0430\u0441\u0442\u0438\u043a\u043e\u0432\u044b\u043c\u0438 \u043b\u043e\u043f\u0430\u0442\u043a\u0430\u043c\u0438 STANDARD 2 \u0448\u0442. 255 \u0441\u043c \u0414\u043b\u0438\u043d\u0430: 255 \u0441\u043c \u0414\u0438\u0430\u043c\u0435\u0442\u0440: 4 \u0441\u043c \u0412\u0435\u0441: 1,8 \u043a\u0433 \u0420\u0430\u0437\u043c\u0435\u0440 \u043b\u043e\u043f\u0430\u0442\u043a\u0438: 62 x 14 \u0441\u043c\",\"breadcrumb\":{\"@id\":\"https:\\\/\\\/www.waterskis.lv\\\/ru\\\/product\\\/%d0%b0%d0%bb%d1%8e%d0%bc%d0%b8%d0%bd%d0%b8%d0%b5%d0%b2%d1%8b%d0%b5-%d0%b2%d0%b5%d1%81%d0%bb%d0%b0-%d1%81-%d0%bf%d0%bb%d0%b0%d1%81%d1%82%d0%b8%d0%ba%d0%be%d0%b2%d1%8b%d0%bc%d0%b8-%d0%bb%d0%be%d0%bf-5\\\/#breadcrumb\"},\"inLanguage\":\"ru-RU\",\"potentialAction\":[{\"@type\":\"ReadAction\",\"target\":[\"https:\\\/\\\/www.waterskis.lv\\\/ru\\\/product\\\/%d0%b0%d0%bb%d1%8e%d0%bc%d0%b8%d0%bd%d0%b8%d0%b5%d0%b2%d1%8b%d0%b5-%d0%b2%d0%b5%d1%81%d0%bb%d0%b0-%d1%81-%d0%bf%d0%bb%d0%b0%d1%81%d1%82%d0%b8%d0%ba%d0%be%d0%b2%d1%8b%d0%bc%d0%b8-%d0%bb%d0%be%d0%bf-5\\\/\"]}]},{\"@type\":\"ImageObject\",\"inLanguage\":\"ru-RU\",\"@id\":\"https:\\\/\\\/www.waterskis.lv\\\/ru\\\/product\\\/%d0%b0%d0%bb%d1%8e%d0%bc%d0%b8%d0%bd%d0%b8%d0%b5%d0%b2%d1%8b%d0%b5-%d0%b2%d0%b5%d1%81%d0%bb%d0%b0-%d1%81-%d0%bf%d0%bb%d0%b0%d1%81%d1%82%d0%b8%d0%ba%d0%be%d0%b2%d1%8b%d0%bc%d0%b8-%d0%bb%d0%be%d0%bf-5\\\/#primaryimage\",\"url\":\"https:\\\/\\\/www.waterskis.lv\\\/wp-content\\\/uploads\\\/2026\\\/04\\\/20260330_132421-scaled.jpg\",\"contentUrl\":\"https:\\\/\\\/www.waterskis.lv\\\/wp-content\\\/uploads\\\/2026\\\/04\\\/20260330_132421-scaled.jpg\",\"width\":1441,\"height\":2560,\"caption\":\"Alum\u012bnija airi ar plastmasas l\u0101psti\u0146u Standard 2 gab. 190 cm\"},{\"@type\":\"BreadcrumbList\",\"@id\":\"https:\\\/\\\/www.waterskis.lv\\\/ru\\\/product\\\/%d0%b0%d0%bb%d1%8e%d0%bc%d0%b8%d0%bd%d0%b8%d0%b5%d0%b2%d1%8b%d0%b5-%d0%b2%d0%b5%d1%81%d0%bb%d0%b0-%d1%81-%d0%bf%d0%bb%d0%b0%d1%81%d1%82%d0%b8%d0%ba%d0%be%d0%b2%d1%8b%d0%bc%d0%b8-%d0%bb%d0%be%d0%bf-5\\\/#breadcrumb\",\"itemListElement\":[{\"@type\":\"ListItem\",\"position\":1,\"name\":\"Home\",\"item\":\"https:\\\/\\\/www.waterskis.lv\\\/ru\\\/\"},{\"@type\":\"ListItem\",\"position\":2,\"name\":\"\u041c\u0430\u0433\u0430\u0437\u0438\u043d\",\"item\":\"https:\\\/\\\/www.waterskis.lv\\\/ru\\\/%d0%bc%d0%b0%d0%b3%d0%b0%d0%b7%d0%b8%d0%bd\\\/\"},{\"@type\":\"ListItem\",\"position\":3,\"name\":\"\u0410\u043b\u044e\u043c\u0438\u043d\u0438\u0435\u0432\u044b\u0435 \u0432\u0435\u0441\u043b\u0430 \u0441 \u043f\u043b\u0430\u0441\u0442\u0438\u043a\u043e\u0432\u044b\u043c\u0438 \u043b\u043e\u043f\u0430\u0442\u043a\u0430\u043c\u0438\u00a0 STANDARD 2 \u0448\u0442.\u00a0 255 \u0441\u043c\"}]},{\"@type\":\"WebSite\",\"@id\":\"https:\\\/\\\/www.waterskis.lv\\\/ru\\\/#website\",\"url\":\"https:\\\/\\\/www.waterskis.lv\\\/ru\\\/\",\"name\":\"WATERSKIS.LV\",\"description\":\"SUP d\u0113\u013ci, kajaki, kanoe, airu laivas, \u016bdenssl\u0113po\u0161ana, veikbords, SUP d\u0113\u013cu noma, kajaku nomaakt\u012bv\u0101s atp\u016btas centrs, laivu noma, sup noma, kajaku noma\",\"publisher\":{\"@id\":\"https:\\\/\\\/www.waterskis.lv\\\/ru\\\/#organization\"},\"potentialAction\":[{\"@type\":\"SearchAction\",\"target\":{\"@type\":\"EntryPoint\",\"urlTemplate\":\"https:\\\/\\\/www.waterskis.lv\\\/ru\\\/?s={search_term_string}\"},\"query-input\":{\"@type\":\"PropertyValueSpecification\",\"valueRequired\":true,\"valueName\":\"search_term_string\"}}],\"inLanguage\":\"ru-RU\"},{\"@type\":\"Organization\",\"@id\":\"https:\\\/\\\/www.waterskis.lv\\\/ru\\\/#organization\",\"name\":\"WATERSKIS.LV\",\"url\":\"https:\\\/\\\/www.waterskis.lv\\\/ru\\\/\",\"logo\":{\"@type\":\"ImageObject\",\"inLanguage\":\"ru-RU\",\"@id\":\"https:\\\/\\\/www.waterskis.lv\\\/ru\\\/#\\\/schema\\\/logo\\\/image\\\/\",\"url\":\"https:\\\/\\\/www.waterskis.lv\\\/wp-content\\\/uploads\\\/2025\\\/01\\\/JUVP-logo.png\",\"contentUrl\":\"https:\\\/\\\/www.waterskis.lv\\\/wp-content\\\/uploads\\\/2025\\\/01\\\/JUVP-logo.png\",\"width\":421,\"height\":202,\"caption\":\"WATERSKIS.LV\"},\"image\":{\"@id\":\"https:\\\/\\\/www.waterskis.lv\\\/ru\\\/#\\\/schema\\\/logo\\\/image\\\/\"},\"sameAs\":[\"https:\\\/\\\/www.facebook.com\\\/jurmalawaterskiwakeboardpark\\\/\"]}]}<\/script>\n<!-- \/ Yoast SEO plugin. -->","yoast_head_json":{"title":"\u0410\u043b\u044e\u043c\u0438\u043d\u0438\u0435\u0432\u044b\u0435 \u0432\u0435\u0441\u043b\u0430 \u0441 \u043f\u043b\u0430\u0441\u0442\u0438\u043a\u043e\u0432\u044b\u043c\u0438 \u043b\u043e\u043f\u0430\u0442\u043a\u0430\u043c\u0438\u00a0 STANDARD 2 \u0448\u0442.\u00a0 255 \u0441\u043c - WATERSKIS.LV","description":"\u0410\u043b\u044e\u043c\u0438\u043d\u0438\u0435\u0432\u044b\u0435 \u0432\u0435\u0441\u043b\u0430 \u0441 \u043f\u043b\u0430\u0441\u0442\u0438\u043a\u043e\u0432\u044b\u043c\u0438 \u043b\u043e\u043f\u0430\u0442\u043a\u0430\u043c\u0438 STANDARD 2 \u0448\u0442. 255 \u0441\u043c \u0414\u043b\u0438\u043d\u0430: 255 \u0441\u043c \u0414\u0438\u0430\u043c\u0435\u0442\u0440: 4 \u0441\u043c \u0412\u0435\u0441: 1,8 \u043a\u0433 \u0420\u0430\u0437\u043c\u0435\u0440 \u043b\u043e\u043f\u0430\u0442\u043a\u0438: 62 x 14 \u0441\u043c","robots":{"index":"index","follow":"follow","max-snippet":"max-snippet:-1","max-image-preview":"max-image-preview:large","max-video-preview":"max-video-preview:-1"},"canonical":"https:\/\/www.waterskis.lv\/ru\/product\/%d0%b0%d0%bb%d1%8e%d0%bc%d0%b8%d0%bd%d0%b8%d0%b5%d0%b2%d1%8b%d0%b5-%d0%b2%d0%b5%d1%81%d0%bb%d0%b0-%d1%81-%d0%bf%d0%bb%d0%b0%d1%81%d1%82%d0%b8%d0%ba%d0%be%d0%b2%d1%8b%d0%bc%d0%b8-%d0%bb%d0%be%d0%bf-5\/","og_locale":"ru_RU","og_type":"article","og_title":"\u0410\u043b\u044e\u043c\u0438\u043d\u0438\u0435\u0432\u044b\u0435 \u0432\u0435\u0441\u043b\u0430 \u0441 \u043f\u043b\u0430\u0441\u0442\u0438\u043a\u043e\u0432\u044b\u043c\u0438 \u043b\u043e\u043f\u0430\u0442\u043a\u0430\u043c\u0438\u00a0 STANDARD 2 \u0448\u0442.\u00a0 255 \u0441\u043c - WATERSKIS.LV","og_description":"\u0410\u043b\u044e\u043c\u0438\u043d\u0438\u0435\u0432\u044b\u0435 \u0432\u0435\u0441\u043b\u0430 \u0441 \u043f\u043b\u0430\u0441\u0442\u0438\u043a\u043e\u0432\u044b\u043c\u0438 \u043b\u043e\u043f\u0430\u0442\u043a\u0430\u043c\u0438 STANDARD 2 \u0448\u0442. 255 \u0441\u043c \u0414\u043b\u0438\u043d\u0430: 255 \u0441\u043c \u0414\u0438\u0430\u043c\u0435\u0442\u0440: 4 \u0441\u043c \u0412\u0435\u0441: 1,8 \u043a\u0433 \u0420\u0430\u0437\u043c\u0435\u0440 \u043b\u043e\u043f\u0430\u0442\u043a\u0438: 62 x 14 \u0441\u043c","og_url":"https:\/\/www.waterskis.lv\/ru\/product\/%d0%b0%d0%bb%d1%8e%d0%bc%d0%b8%d0%bd%d0%b8%d0%b5%d0%b2%d1%8b%d0%b5-%d0%b2%d0%b5%d1%81%d0%bb%d0%b0-%d1%81-%d0%bf%d0%bb%d0%b0%d1%81%d1%82%d0%b8%d0%ba%d0%be%d0%b2%d1%8b%d0%bc%d0%b8-%d0%bb%d0%be%d0%bf-5\/","og_site_name":"WATERSKIS.LV","article_publisher":"https:\/\/www.facebook.com\/jurmalawaterskiwakeboardpark\/","article_modified_time":"2026-04-14T14:16:25+00:00","og_image":[{"width":1441,"height":2560,"url":"https:\/\/www.waterskis.lv\/wp-content\/uploads\/2026\/04\/20260330_132421-scaled.jpg","type":"image\/jpeg"}],"twitter_card":"summary_large_image","twitter_misc":{"\u041f\u0440\u0438\u043c\u0435\u0440\u043d\u043e\u0435 \u0432\u0440\u0435\u043c\u044f \u0434\u043b\u044f \u0447\u0442\u0435\u043d\u0438\u044f":"1 \u043c\u0438\u043d\u0443\u0442\u0430"},"schema":{"@context":"https:\/\/schema.org","@graph":[{"@type":"WebPage","@id":"https:\/\/www.waterskis.lv\/ru\/product\/%d0%b0%d0%bb%d1%8e%d0%bc%d0%b8%d0%bd%d0%b8%d0%b5%d0%b2%d1%8b%d0%b5-%d0%b2%d0%b5%d1%81%d0%bb%d0%b0-%d1%81-%d0%bf%d0%bb%d0%b0%d1%81%d1%82%d0%b8%d0%ba%d0%be%d0%b2%d1%8b%d0%bc%d0%b8-%d0%bb%d0%be%d0%bf-5\/","url":"https:\/\/www.waterskis.lv\/ru\/product\/%d0%b0%d0%bb%d1%8e%d0%bc%d0%b8%d0%bd%d0%b8%d0%b5%d0%b2%d1%8b%d0%b5-%d0%b2%d0%b5%d1%81%d0%bb%d0%b0-%d1%81-%d0%bf%d0%bb%d0%b0%d1%81%d1%82%d0%b8%d0%ba%d0%be%d0%b2%d1%8b%d0%bc%d0%b8-%d0%bb%d0%be%d0%bf-5\/","name":"\u0410\u043b\u044e\u043c\u0438\u043d\u0438\u0435\u0432\u044b\u0435 \u0432\u0435\u0441\u043b\u0430 \u0441 \u043f\u043b\u0430\u0441\u0442\u0438\u043a\u043e\u0432\u044b\u043c\u0438 \u043b\u043e\u043f\u0430\u0442\u043a\u0430\u043c\u0438\u00a0 STANDARD 2 \u0448\u0442.\u00a0 255 \u0441\u043c - WATERSKIS.LV","isPartOf":{"@id":"https:\/\/www.waterskis.lv\/ru\/#website"},"primaryImageOfPage":{"@id":"https:\/\/www.waterskis.lv\/ru\/product\/%d0%b0%d0%bb%d1%8e%d0%bc%d0%b8%d0%bd%d0%b8%d0%b5%d0%b2%d1%8b%d0%b5-%d0%b2%d0%b5%d1%81%d0%bb%d0%b0-%d1%81-%d0%bf%d0%bb%d0%b0%d1%81%d1%82%d0%b8%d0%ba%d0%be%d0%b2%d1%8b%d0%bc%d0%b8-%d0%bb%d0%be%d0%bf-5\/#primaryimage"},"image":{"@id":"https:\/\/www.waterskis.lv\/ru\/product\/%d0%b0%d0%bb%d1%8e%d0%bc%d0%b8%d0%bd%d0%b8%d0%b5%d0%b2%d1%8b%d0%b5-%d0%b2%d0%b5%d1%81%d0%bb%d0%b0-%d1%81-%d0%bf%d0%bb%d0%b0%d1%81%d1%82%d0%b8%d0%ba%d0%be%d0%b2%d1%8b%d0%bc%d0%b8-%d0%bb%d0%be%d0%bf-5\/#primaryimage"},"thumbnailUrl":"https:\/\/www.waterskis.lv\/wp-content\/uploads\/2026\/04\/20260330_132421-scaled.jpg","datePublished":"2026-04-14T14:12:53+00:00","dateModified":"2026-04-14T14:16:25+00:00","description":"\u0410\u043b\u044e\u043c\u0438\u043d\u0438\u0435\u0432\u044b\u0435 \u0432\u0435\u0441\u043b\u0430 \u0441 \u043f\u043b\u0430\u0441\u0442\u0438\u043a\u043e\u0432\u044b\u043c\u0438 \u043b\u043e\u043f\u0430\u0442\u043a\u0430\u043c\u0438 STANDARD 2 \u0448\u0442. 255 \u0441\u043c \u0414\u043b\u0438\u043d\u0430: 255 \u0441\u043c \u0414\u0438\u0430\u043c\u0435\u0442\u0440: 4 \u0441\u043c \u0412\u0435\u0441: 1,8 \u043a\u0433 \u0420\u0430\u0437\u043c\u0435\u0440 \u043b\u043e\u043f\u0430\u0442\u043a\u0438: 62 x 14 \u0441\u043c","breadcrumb":{"@id":"https:\/\/www.waterskis.lv\/ru\/product\/%d0%b0%d0%bb%d1%8e%d0%bc%d0%b8%d0%bd%d0%b8%d0%b5%d0%b2%d1%8b%d0%b5-%d0%b2%d0%b5%d1%81%d0%bb%d0%b0-%d1%81-%d0%bf%d0%bb%d0%b0%d1%81%d1%82%d0%b8%d0%ba%d0%be%d0%b2%d1%8b%d0%bc%d0%b8-%d0%bb%d0%be%d0%bf-5\/#breadcrumb"},"inLanguage":"ru-RU","potentialAction":[{"@type":"ReadAction","target":["https:\/\/www.waterskis.lv\/ru\/product\/%d0%b0%d0%bb%d1%8e%d0%bc%d0%b8%d0%bd%d0%b8%d0%b5%d0%b2%d1%8b%d0%b5-%d0%b2%d0%b5%d1%81%d0%bb%d0%b0-%d1%81-%d0%bf%d0%bb%d0%b0%d1%81%d1%82%d0%b8%d0%ba%d0%be%d0%b2%d1%8b%d0%bc%d0%b8-%d0%bb%d0%be%d0%bf-5\/"]}]},{"@type":"ImageObject","inLanguage":"ru-RU","@id":"https:\/\/www.waterskis.lv\/ru\/product\/%d0%b0%d0%bb%d1%8e%d0%bc%d0%b8%d0%bd%d0%b8%d0%b5%d0%b2%d1%8b%d0%b5-%d0%b2%d0%b5%d1%81%d0%bb%d0%b0-%d1%81-%d0%bf%d0%bb%d0%b0%d1%81%d1%82%d0%b8%d0%ba%d0%be%d0%b2%d1%8b%d0%bc%d0%b8-%d0%bb%d0%be%d0%bf-5\/#primaryimage","url":"https:\/\/www.waterskis.lv\/wp-content\/uploads\/2026\/04\/20260330_132421-scaled.jpg","contentUrl":"https:\/\/www.waterskis.lv\/wp-content\/uploads\/2026\/04\/20260330_132421-scaled.jpg","width":1441,"height":2560,"caption":"Alum\u012bnija airi ar plastmasas l\u0101psti\u0146u Standard 2 gab. 190 cm"},{"@type":"BreadcrumbList","@id":"https:\/\/www.waterskis.lv\/ru\/product\/%d0%b0%d0%bb%d1%8e%d0%bc%d0%b8%d0%bd%d0%b8%d0%b5%d0%b2%d1%8b%d0%b5-%d0%b2%d0%b5%d1%81%d0%bb%d0%b0-%d1%81-%d0%bf%d0%bb%d0%b0%d1%81%d1%82%d0%b8%d0%ba%d0%be%d0%b2%d1%8b%d0%bc%d0%b8-%d0%bb%d0%be%d0%bf-5\/#breadcrumb","itemListElement":[{"@type":"ListItem","position":1,"name":"Home","item":"https:\/\/www.waterskis.lv\/ru\/"},{"@type":"ListItem","position":2,"name":"\u041c\u0430\u0433\u0430\u0437\u0438\u043d","item":"https:\/\/www.waterskis.lv\/ru\/%d0%bc%d0%b0%d0%b3%d0%b0%d0%b7%d0%b8%d0%bd\/"},{"@type":"ListItem","position":3,"name":"\u0410\u043b\u044e\u043c\u0438\u043d\u0438\u0435\u0432\u044b\u0435 \u0432\u0435\u0441\u043b\u0430 \u0441 \u043f\u043b\u0430\u0441\u0442\u0438\u043a\u043e\u0432\u044b\u043c\u0438 \u043b\u043e\u043f\u0430\u0442\u043a\u0430\u043c\u0438\u00a0 STANDARD 2 \u0448\u0442.\u00a0 255 \u0441\u043c"}]},{"@type":"WebSite","@id":"https:\/\/www.waterskis.lv\/ru\/#website","url":"https:\/\/www.waterskis.lv\/ru\/","name":"WATERSKIS.LV","description":"SUP d\u0113\u013ci, kajaki, kanoe, airu laivas, \u016bdenssl\u0113po\u0161ana, veikbords, SUP d\u0113\u013cu noma, kajaku nomaakt\u012bv\u0101s atp\u016btas centrs, laivu noma, sup noma, kajaku noma","publisher":{"@id":"https:\/\/www.waterskis.lv\/ru\/#organization"},"potentialAction":[{"@type":"SearchAction","target":{"@type":"EntryPoint","urlTemplate":"https:\/\/www.waterskis.lv\/ru\/?s={search_term_string}"},"query-input":{"@type":"PropertyValueSpecification","valueRequired":true,"valueName":"search_term_string"}}],"inLanguage":"ru-RU"},{"@type":"Organization","@id":"https:\/\/www.waterskis.lv\/ru\/#organization","name":"WATERSKIS.LV","url":"https:\/\/www.waterskis.lv\/ru\/","logo":{"@type":"ImageObject","inLanguage":"ru-RU","@id":"https:\/\/www.waterskis.lv\/ru\/#\/schema\/logo\/image\/","url":"https:\/\/www.waterskis.lv\/wp-content\/uploads\/2025\/01\/JUVP-logo.png","contentUrl":"https:\/\/www.waterskis.lv\/wp-content\/uploads\/2025\/01\/JUVP-logo.png","width":421,"height":202,"caption":"WATERSKIS.LV"},"image":{"@id":"https:\/\/www.waterskis.lv\/ru\/#\/schema\/logo\/image\/"},"sameAs":["https:\/\/www.facebook.com\/jurmalawaterskiwakeboardpark\/"]}]}},"_links":{"self":[{"href":"https:\/\/www.waterskis.lv\/ru\/wp-json\/wp\/v2\/product\/73032","targetHints":{"allow":["GET"]}}],"collection":[{"href":"https:\/\/www.waterskis.lv\/ru\/wp-json\/wp\/v2\/product"}],"about":[{"href":"https:\/\/www.waterskis.lv\/ru\/wp-json\/wp\/v2\/types\/product"}],"replies":[{"embeddable":true,"href":"https:\/\/www.waterskis.lv\/ru\/wp-json\/wp\/v2\/comments?post=73032"}],"wp:featuredmedia":[{"embeddable":true,"href":"https:\/\/www.waterskis.lv\/ru\/wp-json\/wp\/v2\/media\/73010"}],"wp:attachment":[{"href":"https:\/\/www.waterskis.lv\/ru\/wp-json\/wp\/v2\/media?parent=73032"}],"wp:term":[{"taxonomy":"product_brand","embeddable":true,"href":"https:\/\/www.waterskis.lv\/ru\/wp-json\/wp\/v2\/product_brand?post=73032"},{"taxonomy":"product_cat","embeddable":true,"href":"https:\/\/www.waterskis.lv\/ru\/wp-json\/wp\/v2\/product_cat?post=73032"},{"taxonomy":"product_tag","embeddable":true,"href":"https:\/\/www.waterskis.lv\/ru\/wp-json\/wp\/v2\/product_tag?post=73032"}],"curies":[{"name":"wp","href":"https:\/\/api.w.org\/{rel}","templated":true}]}}